{"id":350,"date":"2024-04-04T11:46:51","date_gmt":"2024-04-04T09:46:51","guid":{"rendered":"https:\/\/new.veterinargruppen.se\/?page_id=350"},"modified":"2024-04-04T11:47:30","modified_gmt":"2024-04-04T09:47:30","slug":"human-finans","status":"publish","type":"page","link":"https:\/\/veterinargruppen.stagingidentitet.se\/?page_id=350","title":{"rendered":"Human Finans"},"content":{"rendered":"\t\t<div data-elementor-type=\"wp-page\" data-elementor-id=\"350\" class=\"elementor elementor-350\" data-elementor-post-type=\"page\">\n\t\t\t\t<div class=\"elementor-element elementor-element-b544ed7 e-flex e-con-boxed e-con e-parent\" data-id=\"b544ed7\" data-element_type=\"container\" data-settings=\"{&quot;jet_parallax_layout_list&quot;:[]}\">\n\t\t\t\t\t<div class=\"e-con-inner\">\n\t\t\t\t<div class=\"elementor-element elementor-element-b4afd75 elementor-widget elementor-widget-heading\" data-id=\"b4afd75\" data-element_type=\"widget\" data-widget_type=\"heading.default\">\n\t\t\t\t<div class=\"elementor-widget-container\">\n\t\t\t<h2 class=\"elementor-heading-title elementor-size-default\"> Humankonto<\/h2>\t\t<\/div>\n\t\t\t\t<\/div>\n\t\t\t\t<div class=\"elementor-element elementor-element-edcbc3b elementor-widget elementor-widget-text-editor\" data-id=\"edcbc3b\" data-element_type=\"widget\" data-widget_type=\"text-editor.default\">\n\t\t\t\t<div class=\"elementor-widget-container\">\n\t\t\t\t\t\t\t<p>I samarbete med Human Finans erbjuder vi flera olika m\u00f6jligheter till delbetalning av v\u00e5ra behandlingar, k\u00f6p av foder och djurv\u00e5rdsartiklar. Din betalning kan till exempel delas upp p\u00e5 6 till 12 m\u00e5nader &#8211; r\u00e4ntefritt.<\/p><p>Grundkrav f\u00f6r ans\u00f6kan \u00e4r att den som s\u00f6ker skall ha fyllt 18 \u00e5r, ha en deklarerad inkomst och inga betalningsanm\u00e4rkningar. S\u00e4g till att du vill betala med Human Konto s\u00e5 hj\u00e4lper v\u00e5r personal i receptionen till med din ans\u00f6kan och betalning. Du f\u00e5r besked medan du v\u00e4ntar.<\/p>\t\t\t\t\t\t<\/div>\n\t\t\t\t<\/div>\n\t\t\t\t\t<\/div>\n\t\t\t\t<\/div>\n\t\t\t\t<\/div>\n\t\t","protected":false},"excerpt":{"rendered":"<p>Humankonto I samarbete med Human Finans erbjuder vi flera olika m\u00f6jligheter till delbetalning av v\u00e5ra behandlingar, k\u00f6p av foder och djurv\u00e5rdsartiklar. Din betalning kan till exempel delas upp p\u00e5 6 till 12 m\u00e5nader &#8211; r\u00e4ntefritt. Grundkrav f\u00f6r ans\u00f6kan \u00e4r att den som s\u00f6ker skall ha fyllt 18 \u00e5r, ha en deklarerad inkomst och inga betalningsanm\u00e4rkningar. [&hellip;]<\/p>\n","protected":false},"author":1,"featured_media":0,"parent":0,"menu_order":0,"comment_status":"closed","ping_status":"closed","template":"","meta":{"footnotes":""},"class_list":["post-350","page","type-page","status-publish","hentry"],"_links":{"self":[{"href":"https:\/\/veterinargruppen.stagingidentitet.se\/index.php?rest_route=\/wp\/v2\/pages\/350","targetHints":{"allow":["GET"]}}],"collection":[{"href":"https:\/\/veterinargruppen.stagingidentitet.se\/index.php?rest_route=\/wp\/v2\/pages"}],"about":[{"href":"https:\/\/veterinargruppen.stagingidentitet.se\/index.php?rest_route=\/wp\/v2\/types\/page"}],"author":[{"embeddable":true,"href":"https:\/\/veterinargruppen.stagingidentitet.se\/index.php?rest_route=\/wp\/v2\/users\/1"}],"replies":[{"embeddable":true,"href":"https:\/\/veterinargruppen.stagingidentitet.se\/index.php?rest_route=%2Fwp%2Fv2%2Fcomments&post=350"}],"version-history":[{"count":7,"href":"https:\/\/veterinargruppen.stagingidentitet.se\/index.php?rest_route=\/wp\/v2\/pages\/350\/revisions"}],"predecessor-version":[{"id":357,"href":"https:\/\/veterinargruppen.stagingidentitet.se\/index.php?rest_route=\/wp\/v2\/pages\/350\/revisions\/357"}],"wp:attachment":[{"href":"https:\/\/veterinargruppen.stagingidentitet.se\/index.php?rest_route=%2Fwp%2Fv2%2Fmedia&parent=350"}],"curies":[{"name":"wp","href":"https:\/\/api.w.org\/{rel}","templated":true}]}}